{"id":110,"date":"2016-06-14T09:12:16","date_gmt":"2016-06-14T08:12:16","guid":{"rendered":"http:\/\/www.forimtech.ch\/fr\/?page_id=110"},"modified":"2021-08-16T16:14:47","modified_gmt":"2021-08-16T15:14:47","slug":"videos-photos","status":"publish","type":"page","link":"http:\/\/www.forimtech.ch\/fr\/videos-photos\/","title":{"rendered":"Vid\u00e9os &#8211; Photos"},"content":{"rendered":"<h3>Vid\u00e9os :<\/h3>\n<p>&nbsp;<\/p>\n<p><iframe loading=\"lazy\" title=\"RadPointer-Gamma FR\" width=\"745\" height=\"419\" src=\"https:\/\/www.youtube.com\/embed\/2bWWZXPxNbM?feature=oembed\" frameborder=\"0\" allow=\"accelerometer; autoplay; clipboard-write; encrypted-media; gyroscope; picture-in-picture\" allowfullscreen><\/iframe><\/p>\n<p>&nbsp;<\/p>\n<p>CTI Swiss Medtech Award 2016<\/p>\n<p><iframe loading=\"lazy\" title=\"CTI SWISS MEDTECH AWARD 2016 - Video Forimtech\" width=\"745\" height=\"419\" src=\"https:\/\/www.youtube.com\/embed\/v8Ej-PaoHGU?feature=oembed\" frameborder=\"0\" allow=\"accelerometer; autoplay; clipboard-write; encrypted-media; gyroscope; picture-in-picture\" allowfullscreen><\/iframe><\/p>\n<h3>Photos:<\/h3>\n<h3><img loading=\"lazy\" class=\"alignnone wp-image-383\" src=\"http:\/\/www.forimtech.ch\/wp-content\/uploads\/2020\/05\/DSC_0140-min-300x200.jpg\" alt=\"\" width=\"400\" height=\"266\" \/><img loading=\"lazy\" class=\"alignnone wp-image-382\" src=\"http:\/\/www.forimtech.ch\/wp-content\/uploads\/2020\/05\/Formitech_RadPointerSW-min-300x200.jpg\" alt=\"\" width=\"400\" height=\"266\" \/><\/h3>\n<h3>Radio :<\/h3>\n<p>RTS : Un nouvel outil pour la traque aux tumeurs\u201d Interview d&rsquo;Edoardo Charbon (EPFL), CQFD, RTS canal 1, 09\/06\/2016<\/p>\n<p><a href=\"http:\/\/www.forimtech.ch\/download\/rts_cqfd_09.06.2016.mp3\"><img src=\"http:\/\/www.forimtech.ch\/wp-content\/uploads\/2016\/02\/download.png\" alt=\"\" \/><\/a> T\u00e9l\u00e9charger l&rsquo;\u00e9mission (.mp3)<\/p>\n","protected":false},"excerpt":{"rendered":"<p>Vid\u00e9os : &nbsp; &nbsp; CTI Swiss Medtech Award 2016 Photos: Radio : RTS : Un nouvel outil pour la traque aux tumeurs\u201d Interview d&rsquo;Edoardo Charbon (EPFL), CQFD, RTS canal 1, 09\/06\/2016 T\u00e9l\u00e9charger l&rsquo;\u00e9mission (.mp3)<\/p>\n","protected":false},"author":1,"featured_media":0,"parent":0,"menu_order":0,"comment_status":"closed","ping_status":"closed","template":"page-template\/full-width.php","meta":{"_monsterinsights_skip_tracking":false,"_monsterinsights_sitenote_active":false,"_monsterinsights_sitenote_note":"","_monsterinsights_sitenote_category":0},"_links":{"self":[{"href":"http:\/\/www.forimtech.ch\/fr\/wp-json\/wp\/v2\/pages\/110"}],"collection":[{"href":"http:\/\/www.forimtech.ch\/fr\/wp-json\/wp\/v2\/pages"}],"about":[{"href":"http:\/\/www.forimtech.ch\/fr\/wp-json\/wp\/v2\/types\/page"}],"author":[{"embeddable":true,"href":"http:\/\/www.forimtech.ch\/fr\/wp-json\/wp\/v2\/users\/1"}],"replies":[{"embeddable":true,"href":"http:\/\/www.forimtech.ch\/fr\/wp-json\/wp\/v2\/comments?post=110"}],"version-history":[{"count":9,"href":"http:\/\/www.forimtech.ch\/fr\/wp-json\/wp\/v2\/pages\/110\/revisions"}],"predecessor-version":[{"id":241,"href":"http:\/\/www.forimtech.ch\/fr\/wp-json\/wp\/v2\/pages\/110\/revisions\/241"}],"wp:attachment":[{"href":"http:\/\/www.forimtech.ch\/fr\/wp-json\/wp\/v2\/media?parent=110"}],"curies":[{"name":"wp","href":"https:\/\/api.w.org\/{rel}","templated":true}]}}