{"id":164,"date":"2018-06-11T16:04:09","date_gmt":"2018-06-11T15:04:09","guid":{"rendered":"http:\/\/www.forimtech.ch\/fr\/?page_id=164"},"modified":"2022-02-10T08:48:40","modified_gmt":"2022-02-10T07:48:40","slug":"publications","status":"publish","type":"page","link":"http:\/\/www.forimtech.ch\/fr\/publications\/","title":{"rendered":"Publications"},"content":{"rendered":"<h2><span style=\"text-decoration: underline;\">Publications :<\/span><\/h2>\n<p><span style=\"text-decoration: underline;\">Fran\u00e7ais:<\/span><\/p>\n<ul>\n<li><strong>Market Magazine (fran\u00e7ais) : \u00ab\u00a0L\u2019innovation 4.0 contre le cancer\u00a0\u00bb<\/strong><\/li>\n<\/ul>\n<p><a href=\"http:\/\/www.forimtech.ch\/wp-content\/uploads\/2022\/02\/MARKET-151-PATRIMOINE-MEDTECH-BAT1.pdf\"><img loading=\"lazy\" class=\"alignnone\" src=\"http:\/\/www.forimtech.ch\/wp-content\/uploads\/2016\/02\/download.png\" alt=\"\" width=\"64\" height=\"64\" \/><\/a> T\u00e9l\u00e9charger l&rsquo;article (cliquez sur l&rsquo;ic\u00f4ne bleue \u00e0 gauche)<\/p>\n<ul>\n<li><strong>Market Magazine (fran<b>\u00e7ais<\/b>) : \u00ab\u00a0Le succ\u00e8s mondial d&rsquo;une medtech genevoise\u00a0\u00bb<\/strong><\/li>\n<\/ul>\n<p><a href=\"http:\/\/www.forimtech.ch\/wp-content\/uploads\/2018\/01\/MARKET_140_FORIMTECH-7.pdf\"><img loading=\"lazy\" class=\"alignnone\" src=\"http:\/\/www.forimtech.ch\/wp-content\/uploads\/2016\/02\/download.png\" alt=\"\" width=\"64\" height=\"64\" \/><\/a> T\u00e9l\u00e9charger l&rsquo;article (cliquez sur l&rsquo;ic\u00f4ne bleue \u00e0 gauche)<\/p>\n<ul>\n<li><strong>Market Magazine (fran<b>\u00e7ais<\/b>) : \u00ab\u00a0De la physique nucl\u00e9aire \u00e0 la physique m\u00e9dicale, une r\u00e9volution nomm\u00e9e RadPointer\u00a0\u00bb<\/strong><\/li>\n<\/ul>\n<p><a href=\"http:\/\/www.forimtech.ch\/download\/MARKET_Forimtech.pdf\"><img src=\"http:\/\/www.forimtech.ch\/wp-content\/uploads\/2016\/02\/download.png\" alt=\"\" \/><\/a>\u00a0T\u00e9l\u00e9charger l&rsquo;article (cliquez sur l&rsquo;ic\u00f4ne bleue \u00e0 gauche)<\/p>\n<ul>\n<li><strong>Market Magazine (fran<b>\u00e7ais<\/b>) : \u00ab\u00a0Swiss Medtech 2016\u00a0\u00bb<\/strong><\/li>\n<\/ul>\n<p><a href=\"http:\/\/www.forimtech.ch\/wp-content\/uploads\/2016\/11\/Forimtech-article-in-Market-2.pdf\"><img loading=\"lazy\" class=\"alignnone\" src=\"http:\/\/www.forimtech.ch\/wp-content\/uploads\/2016\/02\/download.png\" width=\"64\" height=\"64\" \/><\/a> T\u00e9l\u00e9charger l&rsquo;article (cliquez sur l&rsquo;ic\u00f4ne bleue \u00e0 gauche)<\/p>\n<ul>\n<li><strong>InVivo (fran<b>\u00e7ais<\/b>) : \u00ab\u00a0Les particules au service de l&rsquo;oncologie\u00a0\u00bb<\/strong><\/li>\n<\/ul>\n<p><a href=\"http:\/\/www.forimtech.ch\/download\/InVIVO_March2016.pdf\"><img src=\"http:\/\/www.forimtech.ch\/wp-content\/uploads\/2016\/02\/download.png\" alt=\"\" \/><\/a> T\u00e9l\u00e9charger l&rsquo;article (cliquez sur l&rsquo;ic\u00f4ne bleue \u00e0 gauche)<\/p>\n<ul>\n<li><strong>Interview \u00ab\u00a0Market\u00a0\u00bb, Eugene Grigoriev, CEO de Forimtech\u00a0<\/strong><\/li>\n<\/ul>\n<p><a href=\"http:\/\/www.forimtech.ch\/wp-content\/uploads\/2016\/12\/MARKET_133-INDEX-Grigoriev.pdf\"><img loading=\"lazy\" class=\"alignnone\" src=\"http:\/\/www.forimtech.ch\/wp-content\/uploads\/2016\/02\/download.png\" alt=\"\" width=\"64\" height=\"64\" \/><\/a> T\u00e9l\u00e9charger l&rsquo;article (cliquez sur l&rsquo;ic\u00f4ne bleue \u00e0 gauche)<\/p>\n<ul>\n<li><strong>Interview \u00ab\u00a0Market\u00a0\u00bb, John Prior, \u00a0M\u00e9decin chef du service de m\u00e9decine nucl\u00e9aire et imagerie mol\u00e9culaire au Centre hospitalier universitaire vaudois (CHUV) \u00e0 Lausanne<\/strong><\/li>\n<\/ul>\n<p><a href=\"http:\/\/www.forimtech.ch\/wp-content\/uploads\/2016\/12\/MARKET_133-INDEX-Prior.pdf\"><img loading=\"lazy\" class=\"alignnone\" src=\"http:\/\/www.forimtech.ch\/wp-content\/uploads\/2016\/02\/download.png\" alt=\"\" width=\"64\" height=\"64\" \/><\/a>T\u00e9l\u00e9charger l&rsquo;article (cliquez sur l&rsquo;ic\u00f4ne bleue \u00e0 gauche)<\/p>\n<ul>\n<li><strong>Interview \u00ab\u00a0Market\u00a0\u00bb, Maurice Matter, \u00a0M\u00e9decin chef dans le Service de chirurgie visc\u00e9rale au Centre hospitalier universitaire vaudois (CHUV) \u00e0 Lausanne<\/strong><\/li>\n<\/ul>\n<p><a href=\"http:\/\/www.forimtech.ch\/wp-content\/uploads\/2016\/12\/MARKET_133-INDEX-Matter.pdf\"><img loading=\"lazy\" class=\"alignnone\" src=\"http:\/\/www.forimtech.ch\/wp-content\/uploads\/2016\/02\/download.png\" alt=\"\" width=\"64\" height=\"64\" \/><\/a>T\u00e9l\u00e9charger l&rsquo;article (cliquez sur l&rsquo;ic\u00f4ne bleue \u00e0 gauche)<\/p>\n<div><\/div>\n<ul>\n<li><a href=\"http:\/\/www.agefi.com\/quotidien-agefi\/une\/detail\/edition\/2016-06-08\/article\/swiss-medtech-le-grand-rendez-vous-hier-a-berne-avec-schneider-ammann-leur-a-ete-particulierement-favorable-428635.html\">http:\/\/www.agefi.com\/quotidien-agefi\/une\/detail\/edition\/2016-06-08\/article\/swiss-medtech-le-grand-rendez-vous-hier-a-berne-avec-schneider-ammann-leur-a-ete-particulierement-favorable-428635.html<\/a><br \/>\nEntreprises romandes bien plac\u00e9es : Swiss Medtech.<\/li>\n<\/ul>\n<ul>\n<li><a href=\"http:\/\/www.tdg.ch\/savoirs\/sante\/sondes-detecter-tumeurs-bloc\/story\/21466629\">http:\/\/www.tdg.ch\/savoirs\/sante\/sondes-detecter-tumeurs-bloc\/story\/21466629<br \/>\n<\/a>Des sondes pour d\u00e9tecter des tumeurs au bloc.<\/li>\n<\/ul>\n<ul>\n<li><a href=\"http:\/\/www.lematin.ch\/savoirs\/sciences\/Des-sondes-pour-detecter-des-tumeurs-au-bloc\/story\/21466629\">http:\/\/www.lematin.ch\/savoirs\/sciences\/Des-sondes-pour-detecter-des-tumeurs-au-bloc\/story\/21466629<br \/>\n<\/a>Des sondes pour d\u00e9tecter des tumeurs au bloc.<\/li>\n<\/ul>\n<ul>\n<li><a href=\"http:\/\/www.20min.ch\/ro\/news\/science\/story\/Des-sondes-pour-d-tecter-des-tumeurs-au-bloc-12660455\">http:\/\/www.20min.ch\/ro\/news\/science\/story\/Des-sondes-pour-d-tecter-des-tumeurs-au-bloc-12660455<br \/>\n<\/a>Des sondes pour d\u00e9tecter des tumeurs au bloc.<br \/>\n<a href=\"http:\/\/www.20min.ch\/ro\/news\/science\/story\/Des-sondes-pour-d-tecter-des-tumeurs-au-bloc-12660455\"><br \/>\n<\/a><\/li>\n<li><a href=\"http:\/\/medicalxpress.com\/news\/2016-06-portable-probes-cancer-cells-surgery.html\">http:\/\/medicalxpress.com\/news\/2016-06-portable-probes-cancer-cells-surgery.html<\/a><br \/>\nPortable probes hunt down cancer cells during surgery<\/li>\n<\/ul>\n<p><span style=\"text-decoration: underline;\">Anglais :\u00a0<\/span><\/p>\n<ul>\n<li><strong>Medical Device Daily: \u00ab\u00a0A new generation of intraoperative probes emerge for radio-guided surgery market\u00a0\u00bb<\/strong><\/li>\n<\/ul>\n<p><a href=\"http:\/\/www.forimtech.ch\/wp-content\/uploads\/2016\/11\/MDD-4-october-Forimtech-Cover-.pdf\"><img loading=\"lazy\" class=\"alignnone\" src=\"http:\/\/www.forimtech.ch\/wp-content\/uploads\/2016\/02\/download.png\" width=\"64\" height=\"64\" \/><\/a>T\u00e9l\u00e9charger l&rsquo;article (cliquez sur l&rsquo;ic\u00f4ne bleue \u00e0 gauche)<\/p>\n<ul>\n<li><strong>Clinical Nuclear Medicine : Radioguided Surgery for Meckel Diverticulum<\/strong><\/li>\n<\/ul>\n<p><a href=\"http:\/\/www.forimtech.ch\/wp-content\/uploads\/2020\/05\/Radioguided_Surgery_for_Meckel_Diverticulum_.18-1-2.pdf\"><img loading=\"lazy\" class=\"alignnone\" src=\"http:\/\/www.forimtech.ch\/wp-content\/uploads\/2016\/02\/download.png\" width=\"64\" height=\"64\" \/><\/a>T\u00e9l\u00e9charger l&rsquo;article (cliquez sur l&rsquo;ic\u00f4ne bleue \u00e0 gauche)<\/p>\n<ul>\n<li><a href=\"http:\/\/ieeexplore.ieee.org\/xpl\/articleDetails.jsp?reload=true&amp;arnumber=6154491&amp;contentType=Conference+Publications\">http:\/\/ieeexplore.ieee.org\/xpl\/articleDetails.jsp?reload=true&amp;arnumber=6154491&amp;contentType=Conference+Publications <\/a><br \/>\nA handheld probe for \u03b2+-emitting radiotracer detection in surgery, biopsy and medical diagnostics based on Silicon Photomultipliers, Nuclear Science Symposium and Medical Imaging Conference (NSS\/MIC), 2011 IEEE Date of Conference: 23-29 Oct. 2011<\/li>\n<\/ul>\n<ul>\n<li><a href=\"http:\/\/ieeexplore.ieee.org\/xpl\/articleDetails.jsp?reload=true&amp;arnumber=6127141&amp;contentType=Conference+Publications\">http:\/\/ieeexplore.ieee.org\/xpl\/articleDetails.jsp?reload=true&amp;arnumber=6127141&amp;contentType=Conference+Publications <\/a><br \/>\nA handheld \u03b2+ probe for intra-operative detection of radiotracers, Sensors, 2011 IEEE Date of Conference: 28-31 Oct. 2011<\/li>\n<\/ul>\n<ul>\n<li><a href=\"http:\/\/spie.org\/Publications\/Proceedings\/Paper\/10.1117\/12.2052411\">http:\/\/spie.org\/Publications\/Proceedings\/Paper\/10.1117\/12.2052411<\/a><br \/>\nTime-resolved imaging system for fluorescence-guided surgery with lifetime imaging capability<br \/>\nIn Proc. SPIE,\u00a0 pp. 912938, May 2014, BIOPHOTONICS: PHOTONIC SOLUTIONS FOR BETTER HEALTH CARE IV, vol. 9129, 2014<\/li>\n<\/ul>\n","protected":false},"excerpt":{"rendered":"<p>Publications : Fran\u00e7ais: Market Magazine (fran\u00e7ais) : \u00ab\u00a0L\u2019innovation 4.0 contre le cancer\u00a0\u00bb T\u00e9l\u00e9charger l&rsquo;article (cliquez sur l&rsquo;ic\u00f4ne bleue \u00e0 gauche) Market Magazine (fran\u00e7ais) : \u00ab\u00a0Le succ\u00e8s mondial d&rsquo;une medtech genevoise\u00a0\u00bb T\u00e9l\u00e9charger l&rsquo;article (cliquez sur l&rsquo;ic\u00f4ne bleue \u00e0 gauche) Market Magazine ..<\/p>\n<div class=\"reading\"><a href=\"http:\/\/www.forimtech.ch\/fr\/publications\/\">Continue Reading<\/a><\/div>\n","protected":false},"author":1,"featured_media":0,"parent":0,"menu_order":0,"comment_status":"closed","ping_status":"closed","template":"","meta":{"_monsterinsights_skip_tracking":false,"_monsterinsights_sitenote_active":false,"_monsterinsights_sitenote_note":"","_monsterinsights_sitenote_category":0},"_links":{"self":[{"href":"http:\/\/www.forimtech.ch\/fr\/wp-json\/wp\/v2\/pages\/164"}],"collection":[{"href":"http:\/\/www.forimtech.ch\/fr\/wp-json\/wp\/v2\/pages"}],"about":[{"href":"http:\/\/www.forimtech.ch\/fr\/wp-json\/wp\/v2\/types\/page"}],"author":[{"embeddable":true,"href":"http:\/\/www.forimtech.ch\/fr\/wp-json\/wp\/v2\/users\/1"}],"replies":[{"embeddable":true,"href":"http:\/\/www.forimtech.ch\/fr\/wp-json\/wp\/v2\/comments?post=164"}],"version-history":[{"count":13,"href":"http:\/\/www.forimtech.ch\/fr\/wp-json\/wp\/v2\/pages\/164\/revisions"}],"predecessor-version":[{"id":261,"href":"http:\/\/www.forimtech.ch\/fr\/wp-json\/wp\/v2\/pages\/164\/revisions\/261"}],"wp:attachment":[{"href":"http:\/\/www.forimtech.ch\/fr\/wp-json\/wp\/v2\/media?parent=164"}],"curies":[{"name":"wp","href":"https:\/\/api.w.org\/{rel}","templated":true}]}}