{"id":19,"date":"2016-02-19T22:05:18","date_gmt":"2016-02-19T21:05:18","guid":{"rendered":"http:\/\/www.forimtech.ch\/v2\/fr\/?page_id=19"},"modified":"2016-02-20T10:37:21","modified_gmt":"2016-02-20T09:37:21","slug":"notre-technologie","status":"publish","type":"page","link":"http:\/\/www.forimtech.ch\/fr\/notre-technologie\/","title":{"rendered":"Notre technologie"},"content":{"rendered":"<p>De nombreuses proc\u00e9dures de diagnostic m\u00e9dical et th\u00e9rapeutique sont bas\u00e9es soit sur la d\u00e9tection de particules (\u00e9lectrons, positrons, gammas, rayons X, particules alpha) ou de photons de lumi\u00e8re (visibles ou par infrarouge). Traditionnellement, les technologies utilis\u00e9es \u00e0 ces fins sont d\u00e9riv\u00e9es de la physique nucl\u00e9aire et des particules (parfois avec un important d\u00e9calage temporel). Notre but principal est de d\u00e9velopper de nouveaux instruments et de nouvelles proc\u00e9dures bas\u00e9s sur les technologies les plus r\u00e9centes, menant \u00e0 des d\u00e9couvertes capitales en terme de miniaturisation, sensibilit\u00e9, efficience, pr\u00e9cision, facilit\u00e9 d&rsquo;utilisation et de co\u00fbts.<br \/>\nNos 30 ans d&rsquo;exp\u00e9rience au CERN nous permettent d&rsquo;acc\u00e9der \u00e0 des technologies de pointe dans le domaine de la d\u00e9tection des particules et de l&rsquo;opto\u00e9lectronique. Forimtech SA, profitant de ce contexte exceptionnel et gr\u00e2ce aux comp\u00e9tences acquises ces 11 derni\u00e8res ann\u00e9es, est capable de concr\u00e9tiser ses id\u00e9es, permettant ainsi d&rsquo;am\u00e9liorer l&rsquo;efficacit\u00e9 des traitements contre le cancer en apportant de nouveaux d\u00e9veloppements \u00e0 des outils m\u00e9dicaux.<\/p>\n","protected":false},"excerpt":{"rendered":"<p>De nombreuses proc\u00e9dures de diagnostic m\u00e9dical et th\u00e9rapeutique sont bas\u00e9es soit sur la d\u00e9tection de particules (\u00e9lectrons, positrons, gammas, rayons X, particules alpha) ou de photons de lumi\u00e8re (visibles ou par infrarouge). Traditionnellement, les technologies utilis\u00e9es \u00e0 ces fins sont ..<\/p>\n<div class=\"reading\"><a href=\"http:\/\/www.forimtech.ch\/fr\/notre-technologie\/\">Continue Reading<\/a><\/div>\n","protected":false},"author":1,"featured_media":0,"parent":0,"menu_order":0,"comment_status":"closed","ping_status":"closed","template":"page-template\/full-width.php","meta":{"_monsterinsights_skip_tracking":false,"_monsterinsights_sitenote_active":false,"_monsterinsights_sitenote_note":"","_monsterinsights_sitenote_category":0},"_links":{"self":[{"href":"http:\/\/www.forimtech.ch\/fr\/wp-json\/wp\/v2\/pages\/19"}],"collection":[{"href":"http:\/\/www.forimtech.ch\/fr\/wp-json\/wp\/v2\/pages"}],"about":[{"href":"http:\/\/www.forimtech.ch\/fr\/wp-json\/wp\/v2\/types\/page"}],"author":[{"embeddable":true,"href":"http:\/\/www.forimtech.ch\/fr\/wp-json\/wp\/v2\/users\/1"}],"replies":[{"embeddable":true,"href":"http:\/\/www.forimtech.ch\/fr\/wp-json\/wp\/v2\/comments?post=19"}],"version-history":[{"count":1,"href":"http:\/\/www.forimtech.ch\/fr\/wp-json\/wp\/v2\/pages\/19\/revisions"}],"predecessor-version":[{"id":20,"href":"http:\/\/www.forimtech.ch\/fr\/wp-json\/wp\/v2\/pages\/19\/revisions\/20"}],"wp:attachment":[{"href":"http:\/\/www.forimtech.ch\/fr\/wp-json\/wp\/v2\/media?parent=19"}],"curies":[{"name":"wp","href":"https:\/\/api.w.org\/{rel}","templated":true}]}}