{"id":13,"date":"2016-02-19T22:02:28","date_gmt":"2016-02-19T21:02:28","guid":{"rendered":"http:\/\/www.forimtech.ch\/v2\/fr\/?page_id=13"},"modified":"2021-10-01T10:48:29","modified_gmt":"2021-10-01T09:48:29","slug":"projets","status":"publish","type":"page","link":"https:\/\/www.forimtech.ch\/fr\/projets\/","title":{"rendered":"Projets"},"content":{"rendered":"<ol>\n<li><strong>CTI-MedTech (\u201cScience to Market\u201d) 2009-Aujourd&rsquo;hui<\/strong><br \/>\nUne subvention de CHF 900&rsquo;000.- a \u00e9t\u00e9 attribu\u00e9e au consortium compos\u00e9 de Forimtech SA (partenaire industriel), le <a href=\"http:\/\/chuv.ch\">CHUV<\/a> et l&rsquo;<a href=\"http:\/\/epfl.ch\">EPFL<\/a> (partenaires acad\u00e9miques) pour un projet validant de nouvelles technologies destin\u00e9es \u00e0 plusieurs applications cliniques qui m\u00e8neront au d\u00e9veloppement des affaires.<\/li>\n<li><strong>RAPSODI (European FP6 project) 2007-2009<\/strong><br \/>\nLe projet FP6-COOP (RAPSODI) en collaboration avec 3 Universit\u00e9s et 3 soci\u00e9t\u00e9s europ\u00e9ennes, visait le d\u00e9veloppement d&rsquo;une s\u00e9rie de nouveaux instruments destin\u00e9s \u00e0 la dosim\u00e9trie m\u00e9dicale et \u00e0 la radioprotection. Ce projet a permis de d\u00e9montrer les avantages des nouvelles technologies.<\/li>\n<li><strong>INTERREG (Coop\u00e9ration de coop\u00e9ration r\u00e9gionale France-Suisse) 2005-2007<\/strong><br \/>\nInterreg Illa (coop\u00e9ration entre la r\u00e9gion Rh\u00f4ne-Alpes en France et le Bassin L\u00e9manique en Suisse) en partenariat avec l&rsquo;<a href=\"http:\/\/adacap.com\">Advanced Accelerator Applications<\/a>, les h\u00f4pitaux cantonaux de Gen\u00e8ve et Vaud et l&rsquo;h\u00f4pital de Grenoble, \u00e9tait ax\u00e9 sur le d\u00e9veloppement d&rsquo;une nouvelles sonde pr\u00e9op\u00e9ratoire destin\u00e9e \u00e0 la chirurgie du cancer. Ce programme a permis de d\u00e9montrer les performances sup\u00e9rieures de ces nouveaux instruments dans le cadre des essais cliniques.<\/li>\n<\/ol>\n","protected":false},"excerpt":{"rendered":"<p>CTI-MedTech (\u201cScience to Market\u201d) 2009-Aujourd&rsquo;hui Une subvention de CHF 900&rsquo;000.- a \u00e9t\u00e9 attribu\u00e9e au consortium compos\u00e9 de Forimtech SA (partenaire industriel), le CHUV et l&rsquo;EPFL (partenaires acad\u00e9miques) pour un projet validant de nouvelles technologies destin\u00e9es \u00e0 plusieurs applications cliniques qui ..<\/p>\n<div class=\"reading\"><a href=\"https:\/\/www.forimtech.ch\/fr\/projets\/\">Continue Reading<\/a><\/div>\n","protected":false},"author":1,"featured_media":0,"parent":0,"menu_order":0,"comment_status":"closed","ping_status":"closed","template":"page-template\/full-width.php","meta":{"_monsterinsights_skip_tracking":false,"_monsterinsights_sitenote_active":false,"_monsterinsights_sitenote_note":"","_monsterinsights_sitenote_category":0},"_links":{"self":[{"href":"https:\/\/www.forimtech.ch\/fr\/wp-json\/wp\/v2\/pages\/13"}],"collection":[{"href":"https:\/\/www.forimtech.ch\/fr\/wp-json\/wp\/v2\/pages"}],"about":[{"href":"https:\/\/www.forimtech.ch\/fr\/wp-json\/wp\/v2\/types\/page"}],"author":[{"embeddable":true,"href":"https:\/\/www.forimtech.ch\/fr\/wp-json\/wp\/v2\/users\/1"}],"replies":[{"embeddable":true,"href":"https:\/\/www.forimtech.ch\/fr\/wp-json\/wp\/v2\/comments?post=13"}],"version-history":[{"count":7,"href":"https:\/\/www.forimtech.ch\/fr\/wp-json\/wp\/v2\/pages\/13\/revisions"}],"predecessor-version":[{"id":245,"href":"https:\/\/www.forimtech.ch\/fr\/wp-json\/wp\/v2\/pages\/13\/revisions\/245"}],"wp:attachment":[{"href":"https:\/\/www.forimtech.ch\/fr\/wp-json\/wp\/v2\/media?parent=13"}],"curies":[{"name":"wp","href":"https:\/\/api.w.org\/{rel}","templated":true}]}}