{"id":15,"date":"2016-02-19T22:03:08","date_gmt":"2016-02-19T21:03:08","guid":{"rendered":"http:\/\/www.forimtech.ch\/v2\/fr\/?page_id=15"},"modified":"2016-02-20T10:37:48","modified_gmt":"2016-02-20T09:37:48","slug":"swiss-medtech","status":"publish","type":"page","link":"https:\/\/www.forimtech.ch\/fr\/swiss-medtech\/","title":{"rendered":"Swiss Medtech"},"content":{"rendered":"<p>Bien que la Suisse soit un petit pays, elle d\u00e9livre un important volume de recherches de pointe et de th\u00e9rapies m\u00e9dicales innovantes. Par ses nombreuses collaborations actives dans plusieurs disciplines, l&rsquo;industrie suisse du medtech exploite ses ressources intellectuelles pour d\u00e9velopper un potentiel d&rsquo;innovation maximal.<\/p>\n<p>Forimtech SA est membre du Swiss Medical Cluster et sponsor \u00ab Gold \u00bb du rapport Swiss Medtech 2012.<\/p>\n<p>De nombreuses innovations r\u00e9volutionnaires \u00e9mergent dans les domaines de l&rsquo;ing\u00e9nierie, la m\u00e9decine et la biologie. Afin d&rsquo;utiliser de fa\u00e7on optimale ces synergies, l&rsquo;ETHZ a fond\u00e9 le Department Health Sciences and Technology (D-HEST) en janvier 2012, afin de combiner l&rsquo;enseignement et la recherches dans le domaine des sciences de la sant\u00e9 et l&rsquo;ing\u00e9nierie m\u00e9dicale. Scientifiques et ing\u00e9nieurs collaborent ensemble dans les domaines de la science des aliments et de la nutrition, l&rsquo;ing\u00e9nierie m\u00e9dicale, les sciences du mouvement et des sports et les neurosciences. Le domaine \u00ab Technology and Knowledge for Health \u00bb va \u00eatre promu durant les ann\u00e9es 2012 \u00e0 2016, avec comme dessein final de transf\u00e9rer ces questions aux h\u00f4pitaux.<\/p>\n","protected":false},"excerpt":{"rendered":"<p>Bien que la Suisse soit un petit pays, elle d\u00e9livre un important volume de recherches de pointe et de th\u00e9rapies m\u00e9dicales innovantes. Par ses nombreuses collaborations actives dans plusieurs disciplines, l&rsquo;industrie suisse du medtech exploite ses ressources intellectuelles pour d\u00e9velopper ..<\/p>\n<div class=\"reading\"><a href=\"https:\/\/www.forimtech.ch\/fr\/swiss-medtech\/\">Continue Reading<\/a><\/div>\n","protected":false},"author":1,"featured_media":0,"parent":0,"menu_order":0,"comment_status":"closed","ping_status":"closed","template":"page-template\/full-width.php","meta":{"_monsterinsights_skip_tracking":false,"_monsterinsights_sitenote_active":false,"_monsterinsights_sitenote_note":"","_monsterinsights_sitenote_category":0},"_links":{"self":[{"href":"https:\/\/www.forimtech.ch\/fr\/wp-json\/wp\/v2\/pages\/15"}],"collection":[{"href":"https:\/\/www.forimtech.ch\/fr\/wp-json\/wp\/v2\/pages"}],"about":[{"href":"https:\/\/www.forimtech.ch\/fr\/wp-json\/wp\/v2\/types\/page"}],"author":[{"embeddable":true,"href":"https:\/\/www.forimtech.ch\/fr\/wp-json\/wp\/v2\/users\/1"}],"replies":[{"embeddable":true,"href":"https:\/\/www.forimtech.ch\/fr\/wp-json\/wp\/v2\/comments?post=15"}],"version-history":[{"count":1,"href":"https:\/\/www.forimtech.ch\/fr\/wp-json\/wp\/v2\/pages\/15\/revisions"}],"predecessor-version":[{"id":16,"href":"https:\/\/www.forimtech.ch\/fr\/wp-json\/wp\/v2\/pages\/15\/revisions\/16"}],"wp:attachment":[{"href":"https:\/\/www.forimtech.ch\/fr\/wp-json\/wp\/v2\/media?parent=15"}],"curies":[{"name":"wp","href":"https:\/\/api.w.org\/{rel}","templated":true}]}}