{"id":17,"date":"2016-02-19T22:04:22","date_gmt":"2016-02-19T21:04:22","guid":{"rendered":"http:\/\/www.forimtech.ch\/v2\/fr\/?page_id=17"},"modified":"2016-02-20T10:37:07","modified_gmt":"2016-02-20T09:37:07","slug":"culture-de-linnovation","status":"publish","type":"page","link":"https:\/\/www.forimtech.ch\/fr\/culture-de-linnovation\/","title":{"rendered":"Culture de l&rsquo;innovation"},"content":{"rendered":"<p>De nos jours, pr\u00e8s de 51&rsquo;000 personnes mettent leurs connaissances au service de la haute qualit\u00e9, la pr\u00e9cision et la fiabilit\u00e9 dans le domaine de la technologie m\u00e9dicale. Avec environ 880 soci\u00e9t\u00e9s d\u00e9di\u00e9es \u00e0 la manufacture et \u00e0 la fourniture de services dans le domaine des technologies m\u00e9dicales, la Suisse poss\u00e8de la plus grande densit\u00e9 au monde de soci\u00e9t\u00e9s medtech par habitant. Les soci\u00e9t\u00e9s suisses continuent de fournir des technologies de pointe stimulant l&rsquo;innovation globale dans les domaines des implants auditifs, des diagnostiques, des instruments de laboratoires, de la chirurgie peu invasive et les syst\u00e8mes de guidage chirurgical.<\/p>\n<p>La recette du succ\u00e8s helv\u00e9tique est due en partie au haut degr\u00e9 d&rsquo;expertise et de comp\u00e9tences dans l&rsquo;industrie. Appuy\u00e9es par une infrastructure medtech florissante mettant en contact et supportant les acteurs de toute la branche, les soci\u00e9t\u00e9s medtech suisses ont acc\u00e8s aux partenaires industriels et aux ressources n\u00e9cessaires pour cro\u00eetre. Dans le secteur manufacturier, par exemple des nouveaux d\u00e9veloppements et de la haute pr\u00e9cision, la conception de haute qualit\u00e9 est prise en charge gr\u00e2ce \u00e0 la collaboration avec des institutions de recherche et des universit\u00e9s, aux liens solides avec les fournisseurs suisses ax\u00e9s sur la qualit\u00e9 et l&rsquo;acc\u00e8s aux acheteurs.<\/p>\n","protected":false},"excerpt":{"rendered":"<p>De nos jours, pr\u00e8s de 51&rsquo;000 personnes mettent leurs connaissances au service de la haute qualit\u00e9, la pr\u00e9cision et la fiabilit\u00e9 dans le domaine de la technologie m\u00e9dicale. Avec environ 880 soci\u00e9t\u00e9s d\u00e9di\u00e9es \u00e0 la manufacture et \u00e0 la fourniture ..<\/p>\n<div class=\"reading\"><a href=\"https:\/\/www.forimtech.ch\/fr\/culture-de-linnovation\/\">Continue Reading<\/a><\/div>\n","protected":false},"author":1,"featured_media":0,"parent":0,"menu_order":0,"comment_status":"closed","ping_status":"closed","template":"page-template\/full-width.php","meta":{"_monsterinsights_skip_tracking":false,"_monsterinsights_sitenote_active":false,"_monsterinsights_sitenote_note":"","_monsterinsights_sitenote_category":0},"_links":{"self":[{"href":"https:\/\/www.forimtech.ch\/fr\/wp-json\/wp\/v2\/pages\/17"}],"collection":[{"href":"https:\/\/www.forimtech.ch\/fr\/wp-json\/wp\/v2\/pages"}],"about":[{"href":"https:\/\/www.forimtech.ch\/fr\/wp-json\/wp\/v2\/types\/page"}],"author":[{"embeddable":true,"href":"https:\/\/www.forimtech.ch\/fr\/wp-json\/wp\/v2\/users\/1"}],"replies":[{"embeddable":true,"href":"https:\/\/www.forimtech.ch\/fr\/wp-json\/wp\/v2\/comments?post=17"}],"version-history":[{"count":1,"href":"https:\/\/www.forimtech.ch\/fr\/wp-json\/wp\/v2\/pages\/17\/revisions"}],"predecessor-version":[{"id":18,"href":"https:\/\/www.forimtech.ch\/fr\/wp-json\/wp\/v2\/pages\/17\/revisions\/18"}],"wp:attachment":[{"href":"https:\/\/www.forimtech.ch\/fr\/wp-json\/wp\/v2\/media?parent=17"}],"curies":[{"name":"wp","href":"https:\/\/api.w.org\/{rel}","templated":true}]}}