{"id":173,"date":"2018-06-11T16:06:59","date_gmt":"2018-06-11T15:06:59","guid":{"rendered":"http:\/\/www.forimtech.ch\/fr\/?page_id=173"},"modified":"2018-06-11T16:09:29","modified_gmt":"2018-06-11T15:09:29","slug":"propriete-intellectuelle","status":"publish","type":"page","link":"https:\/\/www.forimtech.ch\/fr\/propriete-intellectuelle\/","title":{"rendered":"Propri\u00e9t\u00e9 intellectuelle"},"content":{"rendered":"<p>Brevet am\u00e9ricain<\/p>\n<p>\u00ab\u00a0Method and device of detecting, locating and\/or analyzing a radioactive source(s) in a material, e.g. a biological tissue\u00a0\u00ab\u00a0,\u00a0US 8401621 B2<\/p>\n<ul>\n<li><a href=\"https:\/\/www.google.com\/patents\/US8401621\">link to IP document<\/a><\/li>\n<\/ul>\n","protected":false},"excerpt":{"rendered":"<p>Brevet am\u00e9ricain \u00ab\u00a0Method and device of detecting, locating and\/or analyzing a radioactive source(s) in a material, e.g. a biological tissue\u00a0\u00ab\u00a0,\u00a0US 8401621 B2 link to IP document<\/p>\n","protected":false},"author":1,"featured_media":0,"parent":0,"menu_order":0,"comment_status":"closed","ping_status":"closed","template":"","meta":{"_monsterinsights_skip_tracking":false,"_monsterinsights_sitenote_active":false,"_monsterinsights_sitenote_note":"","_monsterinsights_sitenote_category":0},"_links":{"self":[{"href":"https:\/\/www.forimtech.ch\/fr\/wp-json\/wp\/v2\/pages\/173"}],"collection":[{"href":"https:\/\/www.forimtech.ch\/fr\/wp-json\/wp\/v2\/pages"}],"about":[{"href":"https:\/\/www.forimtech.ch\/fr\/wp-json\/wp\/v2\/types\/page"}],"author":[{"embeddable":true,"href":"https:\/\/www.forimtech.ch\/fr\/wp-json\/wp\/v2\/users\/1"}],"replies":[{"embeddable":true,"href":"https:\/\/www.forimtech.ch\/fr\/wp-json\/wp\/v2\/comments?post=173"}],"version-history":[{"count":3,"href":"https:\/\/www.forimtech.ch\/fr\/wp-json\/wp\/v2\/pages\/173\/revisions"}],"predecessor-version":[{"id":182,"href":"https:\/\/www.forimtech.ch\/fr\/wp-json\/wp\/v2\/pages\/173\/revisions\/182"}],"wp:attachment":[{"href":"https:\/\/www.forimtech.ch\/fr\/wp-json\/wp\/v2\/media?parent=173"}],"curies":[{"name":"wp","href":"https:\/\/api.w.org\/{rel}","templated":true}]}}