{"id":23,"date":"2016-02-19T22:06:30","date_gmt":"2016-02-19T21:06:30","guid":{"rendered":"http:\/\/www.forimtech.ch\/v2\/fr\/?page_id=23"},"modified":"2016-02-20T12:31:51","modified_gmt":"2016-02-20T11:31:51","slug":"usages","status":"publish","type":"page","link":"https:\/\/www.forimtech.ch\/fr\/usages\/","title":{"rendered":"Usages"},"content":{"rendered":"<p>La sonde est destin\u00e9e \u00e0 aider les chirurgiens \u00e0 localiser et \u00e0 extraire tumeurs, m\u00e9tastases et autre ganglions lymphatiques en mesurant sur place la concentration locale de produit radio-pharmaceutique administr\u00e9e au pr\u00e9alable aux patients. Le RadPointer est un outil compl\u00e9mentaire aux technologies classiques de radiod\u00e9tection telles que la tomographique \u00e0 \u00e9mission de positrons (PET) ou \u00e0 \u00e9mission de photons (SPECT), servant de lien entre l&rsquo;image du scanner et la r\u00e9alit\u00e9 et permettant d&rsquo;identifier les tumeurs malignes d\u00e9tect\u00e9es au pr\u00e9alables mais ne pouvant \u00eatre visuellement localis\u00e9es.<\/p>\n<p>Le \u00ab\u00a0<strong>RadPointer-Beta\u00a0<\/strong>\u00bb est principalement destin\u00e9 \u00e0 l&rsquo;utilisation en association avec le TEP (La Tomographie par \u00e9mission de positons) afin de localiser une tumeur et d\u00e9terminer les marges de r\u00e9section in-vivo et ex-vivo. Il est uniquement sensible aux positrons, qui ont une port\u00e9e tr\u00e8s courte dans les tissus (1-5 mm, d\u00e9pendant du type de l\u2019isotope des positrons \u00e9mettant), et a donc une fen\u00eatre d\u2019entr\u00e9e tr\u00e8s mince (et relativement fragile).<\/p>\n<div id=\"attachment_77\" style=\"width: 629px\" class=\"wp-caption alignnone\"><img aria-describedby=\"caption-attachment-77\" loading=\"lazy\" class=\"wp-image-77 size-full\" src=\"http:\/\/www.forimtech.ch\/v2\/fr\/wp-content\/uploads\/sites\/2\/2016\/02\/radb-1.png\" alt=\"Rad-Pointer B\u00eata\" width=\"619\" height=\"203\" srcset=\"https:\/\/www.forimtech.ch\/fr\/wp-content\/uploads\/sites\/2\/2016\/02\/radb-1.png 619w, https:\/\/www.forimtech.ch\/fr\/wp-content\/uploads\/sites\/2\/2016\/02\/radb-1-300x98.png 300w\" sizes=\"(max-width: 619px) 100vw, 619px\" \/><p id=\"caption-attachment-77\" class=\"wp-caption-text\">Construction du \u00ab\u00a0RadPointer-Beta\u00a0\u00bb : fen\u00eatre avant, bo\u00eetier et l\u2019interrupteur de mise en marche<\/p><\/div>\n<p>Les \u00e9l\u00e9ments principaux du <strong>RadPointer-Beta\u00a0<\/strong>sont :<\/p>\n<ul>\n<li>Fen\u00eatre avant : tr\u00e8s mince et relativement fragile, l\u00e9g\u00e8re et r\u00e9sistante \u00e0 l\u2019eau, transparent pour particules b\u00eata.<\/li>\n<li>Bo\u00eetier de la sonde : il consiste en une poign\u00e9e en plastique (contenant l\u2019\u00e9lectronique et la batterie) surmont\u00e9e d\u2019une capsule servant \u00e9galement d\u2019interrupteur rotatif de mise en marche\u00bb, et d\u2019un tube en acier inoxydable (contenant du d\u00e9tecteur).<\/li>\n<\/ul>\n<p>Le\u00a0\u00ab\u00a0<strong>RadPointer-Gamma<\/strong>\u00a0\u00bb a exactement la m\u00eame construction, \u00e0 l&rsquo;exception du bout avant (agencement diff\u00e9rent du d\u00e9tecteur et ajout d\u2019un collimateur tungst\u00e8ne pour l\u2019\u00e9limination du fond dispers\u00e9). Il a une fen\u00eatre avant en acier inoxydable et est donc m\u00e9caniquement plus robuste.<\/p>\n<div id=\"attachment_79\" style=\"width: 629px\" class=\"wp-caption alignnone\"><img aria-describedby=\"caption-attachment-79\" loading=\"lazy\" class=\"wp-image-79 size-full\" src=\"http:\/\/www.forimtech.ch\/v2\/fr\/wp-content\/uploads\/sites\/2\/2016\/02\/radg-1.png\" alt=\"Rad-Pointer Gamma\" width=\"619\" height=\"203\" srcset=\"https:\/\/www.forimtech.ch\/fr\/wp-content\/uploads\/sites\/2\/2016\/02\/radg-1.png 619w, https:\/\/www.forimtech.ch\/fr\/wp-content\/uploads\/sites\/2\/2016\/02\/radg-1-300x98.png 300w\" sizes=\"(max-width: 619px) 100vw, 619px\" \/><p id=\"caption-attachment-79\" class=\"wp-caption-text\">Construction du \u00ab RadPointer-Gamma \u00bb : fen\u00eatre avant, bo\u00eetier et interrupteur<\/p><\/div>\n<p>Les parties principales du <strong>RadPointer-Gamma\u00a0<\/strong>sont :<\/p>\n<ul>\n<li>Extr\u00e9mit\u00e9 du collimateur : il contient le d\u00e9tecteur et un collimateur tungst\u00e8ne \u00e0 l&rsquo;int\u00e9rieur d\u2019un cylindre en acier inoxydable; le collimateur est une pi\u00e8ce importante du dispositif, d\u00e9finissant sa r\u00e9solution spatiale. Le tube en acier inoxydable connecte l\u2019extr\u00e9mit\u00e9 au bo\u00eetier de l\u2019appareil.<\/li>\n<li>Bo\u00eetier de la sonde: Il consiste en une poign\u00e9e en plastique (contenant de l\u2019\u00e9lectronique et de la batterie) et d\u2019une capsule, servant \u00e9galement d\u2019un interrupteur rotatif de mise en marche.<\/li>\n<\/ul>\n","protected":false},"excerpt":{"rendered":"<p>La sonde est destin\u00e9e \u00e0 aider les chirurgiens \u00e0 localiser et \u00e0 extraire tumeurs, m\u00e9tastases et autre ganglions lymphatiques en mesurant sur place la concentration locale de produit radio-pharmaceutique administr\u00e9e au pr\u00e9alable aux patients. Le RadPointer est un outil compl\u00e9mentaire ..<\/p>\n<div class=\"reading\"><a href=\"https:\/\/www.forimtech.ch\/fr\/usages\/\">Continue Reading<\/a><\/div>\n","protected":false},"author":1,"featured_media":0,"parent":0,"menu_order":0,"comment_status":"closed","ping_status":"closed","template":"page-template\/full-width.php","meta":{"_monsterinsights_skip_tracking":false,"_monsterinsights_sitenote_active":false,"_monsterinsights_sitenote_note":"","_monsterinsights_sitenote_category":0},"_links":{"self":[{"href":"https:\/\/www.forimtech.ch\/fr\/wp-json\/wp\/v2\/pages\/23"}],"collection":[{"href":"https:\/\/www.forimtech.ch\/fr\/wp-json\/wp\/v2\/pages"}],"about":[{"href":"https:\/\/www.forimtech.ch\/fr\/wp-json\/wp\/v2\/types\/page"}],"author":[{"embeddable":true,"href":"https:\/\/www.forimtech.ch\/fr\/wp-json\/wp\/v2\/users\/1"}],"replies":[{"embeddable":true,"href":"https:\/\/www.forimtech.ch\/fr\/wp-json\/wp\/v2\/comments?post=23"}],"version-history":[{"count":6,"href":"https:\/\/www.forimtech.ch\/fr\/wp-json\/wp\/v2\/pages\/23\/revisions"}],"predecessor-version":[{"id":86,"href":"https:\/\/www.forimtech.ch\/fr\/wp-json\/wp\/v2\/pages\/23\/revisions\/86"}],"wp:attachment":[{"href":"https:\/\/www.forimtech.ch\/fr\/wp-json\/wp\/v2\/media?parent=23"}],"curies":[{"name":"wp","href":"https:\/\/api.w.org\/{rel}","templated":true}]}}