{"id":25,"date":"2016-02-19T22:08:18","date_gmt":"2016-02-19T21:08:18","guid":{"rendered":"http:\/\/www.forimtech.ch\/v2\/fr\/?page_id=25"},"modified":"2016-02-20T10:33:34","modified_gmt":"2016-02-20T09:33:34","slug":"specifications","status":"publish","type":"page","link":"https:\/\/www.forimtech.ch\/fr\/specifications\/","title":{"rendered":"Sp\u00e9cifications"},"content":{"rendered":"<h3 style=\"text-align: center;\">Sp\u00e9cifications du Rad-Pointer Beta<\/h3>\n<p style=\"text-align: center;\">\n<table id=\"tablepress-1\" class=\"tablepress tablepress-id-1\">\n<thead>\n<tr class=\"row-1 odd\">\n\t<th class=\"column-1\">Param\u00e8tres <\/th><th class=\"column-2\">Valeurs<\/th>\n<\/tr>\n<\/thead>\n<tbody class=\"row-hover\">\n<tr class=\"row-2 even\">\n\t<td class=\"column-1\">Type de d\u00e9tecteur <\/td><td class=\"column-2\">Scintillateur <\/td>\n<\/tr>\n<tr class=\"row-3 odd\">\n\t<td class=\"column-1\">Champ d'\u00e9nergie des electrons\/positrons<\/td><td class=\"column-2\">>50 keV<\/td>\n<\/tr>\n<tr class=\"row-4 even\">\n\t<td class=\"column-1\">Efficacit\u00e9 de d\u00e9tection <\/td><td class=\"column-2\">>90%<\/td>\n<\/tr>\n<tr class=\"row-5 odd\">\n\t<td class=\"column-1\">Poids et Longeur<\/td><td class=\"column-2\">~70 g, 20cm<\/td>\n<\/tr>\n<tr class=\"row-6 even\">\n\t<td class=\"column-1\">Variations de temp\u00e9rature d\u2019op\u00e9ration<\/td><td class=\"column-2\">T: [+15, +38] \u00b0C, pas de restriction de temps<br \/>\n<br \/>\nT: [+38, +42] \u00b0C, maximum 10 minutes de contact avec le patient<br \/>\n<\/td>\n<\/tr>\n<tr class=\"row-7 odd\">\n\t<td class=\"column-1\">Temp\u00e9rature de stockage et humidit\u00e9 recommand\u00e9 <\/td><td class=\"column-2\">T: [+15,+25] \u00b0C \/\/ RH: 40-60%<\/td>\n<\/tr>\n<tr class=\"row-8 even\">\n\t<td class=\"column-1\">Type de Pile<\/td><td class=\"column-2\">CR123A (jetable)<\/td>\n<\/tr>\n<tr class=\"row-9 odd\">\n\t<td class=\"column-1\">Tension nominale de la batterie\/capacit\u00e9<\/td><td class=\"column-2\">3 V\/1600mAh<\/td>\n<\/tr>\n<tr class=\"row-10 even\">\n\t<td class=\"column-1\">Autonomie de la batterie en usage continu<\/td><td class=\"column-2\">Min 6h <\/td>\n<\/tr>\n<tr class=\"row-11 odd\">\n\t<td class=\"column-1\">Dur\u00e9e de vie<\/td><td class=\"column-2\">1 an<\/td>\n<\/tr>\n<\/tbody>\n<\/table>\n<!-- #tablepress-1 from cache --><\/p>\n<h3 style=\"text-align: center;\">Sp\u00e9cifications Rad-Pointer Gamma<\/h3>\n<p style=\"text-align: center;\">\n<table id=\"tablepress-2\" class=\"tablepress tablepress-id-2\">\n<thead>\n<tr class=\"row-1 odd\">\n\t<th class=\"column-1\">Param\u00e8tres <\/th><th class=\"column-2\">Valeurs<\/th>\n<\/tr>\n<\/thead>\n<tbody class=\"row-hover\">\n<tr class=\"row-2 even\">\n\t<td class=\"column-1\">Type de d\u00e9tecteur <\/td><td class=\"column-2\">Scintillateur <\/td>\n<\/tr>\n<tr class=\"row-3 odd\">\n\t<td class=\"column-1\">Champ d'\u00e9nergie des positrons<\/td><td class=\"column-2\">50-250 keV<\/td>\n<\/tr>\n<tr class=\"row-4 even\">\n\t<td class=\"column-1\">Efficacit\u00e9 de d\u00e9tection gamma<\/td><td class=\"column-2\">>90% <\/td>\n<\/tr>\n<tr class=\"row-5 odd\">\n\t<td class=\"column-1\">Poids et Longeur<\/td><td class=\"column-2\">100 g, 20 cm<\/td>\n<\/tr>\n<tr class=\"row-6 even\">\n\t<td class=\"column-1\">Blindage lat\u00e9ral (avec 99mTc)<\/td><td class=\"column-2\">99.97%<\/td>\n<\/tr>\n<tr class=\"row-7 odd\">\n\t<td class=\"column-1\">Variations de temp\u00e9rature d\u2019op\u00e9ration<\/td><td class=\"column-2\">T: [+15,+38] \u00b0C, pas de restriction de temps<br \/>\n<br \/>\nT: [+38,+42] \u00b0C, maximum 10 minutes de contact avec le patient<br \/>\n<\/td>\n<\/tr>\n<tr class=\"row-8 even\">\n\t<td class=\"column-1\">Temp\u00e9rature de stockage et humidit\u00e9 recommand\u00e9 <\/td><td class=\"column-2\">T: [+15, +25] \u00b0C \/\/ RH: 40-60%<\/td>\n<\/tr>\n<tr class=\"row-9 odd\">\n\t<td class=\"column-1\">Type de Pile<\/td><td class=\"column-2\">CR123A (jetable)<\/td>\n<\/tr>\n<tr class=\"row-10 even\">\n\t<td class=\"column-1\">Tension nominale de la pile\/capacit\u00e9<\/td><td class=\"column-2\">3 V\/1600mAh<\/td>\n<\/tr>\n<tr class=\"row-11 odd\">\n\t<td class=\"column-1\">Autonomie de la batterie en usage continu<\/td><td class=\"column-2\">Min 6h <\/td>\n<\/tr>\n<tr class=\"row-12 even\">\n\t<td class=\"column-1\">Dur\u00e9e de vie<\/td><td class=\"column-2\">1 an<\/td>\n<\/tr>\n<\/tbody>\n<\/table>\n<!-- #tablepress-2 from cache --><\/p>\n","protected":false},"excerpt":{"rendered":"<p>Sp\u00e9cifications du Rad-Pointer Beta Sp\u00e9cifications Rad-Pointer Gamma<\/p>\n","protected":false},"author":1,"featured_media":0,"parent":0,"menu_order":0,"comment_status":"closed","ping_status":"closed","template":"page-template\/full-width.php","meta":{"_monsterinsights_skip_tracking":false,"_monsterinsights_sitenote_active":false,"_monsterinsights_sitenote_note":"","_monsterinsights_sitenote_category":0},"_links":{"self":[{"href":"https:\/\/www.forimtech.ch\/fr\/wp-json\/wp\/v2\/pages\/25"}],"collection":[{"href":"https:\/\/www.forimtech.ch\/fr\/wp-json\/wp\/v2\/pages"}],"about":[{"href":"https:\/\/www.forimtech.ch\/fr\/wp-json\/wp\/v2\/types\/page"}],"author":[{"embeddable":true,"href":"https:\/\/www.forimtech.ch\/fr\/wp-json\/wp\/v2\/users\/1"}],"replies":[{"embeddable":true,"href":"https:\/\/www.forimtech.ch\/fr\/wp-json\/wp\/v2\/comments?post=25"}],"version-history":[{"count":2,"href":"https:\/\/www.forimtech.ch\/fr\/wp-json\/wp\/v2\/pages\/25\/revisions"}],"predecessor-version":[{"id":68,"href":"https:\/\/www.forimtech.ch\/fr\/wp-json\/wp\/v2\/pages\/25\/revisions\/68"}],"wp:attachment":[{"href":"https:\/\/www.forimtech.ch\/fr\/wp-json\/wp\/v2\/media?parent=25"}],"curies":[{"name":"wp","href":"https:\/\/api.w.org\/{rel}","templated":true}]}}