{"id":27,"date":"2016-02-19T22:10:08","date_gmt":"2016-02-19T21:10:08","guid":{"rendered":"http:\/\/www.forimtech.ch\/v2\/fr\/?page_id=27"},"modified":"2020-05-20T08:57:06","modified_gmt":"2020-05-20T07:57:06","slug":"certification-2","status":"publish","type":"page","link":"https:\/\/www.forimtech.ch\/fr\/certification-2\/","title":{"rendered":"Certification"},"content":{"rendered":"<p>En 2015, la soci\u00e9t\u00e9 a obtenu la certification CE pour les deux sondes RadPointer : RadPointer-Gamma et Beta.<\/p>\n<p><a href=\"http:\/\/www.forimtech.ch\/wp-content\/uploads\/2020\/05\/FORIMTECH-SA-Medical-Device-No.-IT295344.pdf\"><img src=\"http:\/\/www.forimtech.ch\/v2\/wp-content\/uploads\/2016\/02\/download.png\" alt=\"\" \/><\/a> T\u00e9l\u00e9charger la copie de la certification CE finale.<\/p>\n","protected":false},"excerpt":{"rendered":"<p>En 2015, la soci\u00e9t\u00e9 a obtenu la certification CE pour les deux sondes RadPointer : RadPointer-Gamma et Beta. T\u00e9l\u00e9charger la copie de la certification CE finale.<\/p>\n","protected":false},"author":1,"featured_media":0,"parent":0,"menu_order":0,"comment_status":"closed","ping_status":"closed","template":"page-template\/full-width.php","meta":{"_monsterinsights_skip_tracking":false,"_monsterinsights_sitenote_active":false,"_monsterinsights_sitenote_note":"","_monsterinsights_sitenote_category":0},"_links":{"self":[{"href":"https:\/\/www.forimtech.ch\/fr\/wp-json\/wp\/v2\/pages\/27"}],"collection":[{"href":"https:\/\/www.forimtech.ch\/fr\/wp-json\/wp\/v2\/pages"}],"about":[{"href":"https:\/\/www.forimtech.ch\/fr\/wp-json\/wp\/v2\/types\/page"}],"author":[{"embeddable":true,"href":"https:\/\/www.forimtech.ch\/fr\/wp-json\/wp\/v2\/users\/1"}],"replies":[{"embeddable":true,"href":"https:\/\/www.forimtech.ch\/fr\/wp-json\/wp\/v2\/comments?post=27"}],"version-history":[{"count":3,"href":"https:\/\/www.forimtech.ch\/fr\/wp-json\/wp\/v2\/pages\/27\/revisions"}],"predecessor-version":[{"id":212,"href":"https:\/\/www.forimtech.ch\/fr\/wp-json\/wp\/v2\/pages\/27\/revisions\/212"}],"wp:attachment":[{"href":"https:\/\/www.forimtech.ch\/fr\/wp-json\/wp\/v2\/media?parent=27"}],"curies":[{"name":"wp","href":"https:\/\/api.w.org\/{rel}","templated":true}]}}