{"id":7,"date":"2016-02-19T21:53:53","date_gmt":"2016-02-19T20:53:53","guid":{"rendered":"http:\/\/www.forimtech.ch\/v2\/fr\/?page_id=7"},"modified":"2020-05-20T08:57:29","modified_gmt":"2020-05-20T07:57:29","slug":"certification","status":"publish","type":"page","link":"https:\/\/www.forimtech.ch\/fr\/certification\/","title":{"rendered":"Certification"},"content":{"rendered":"<p>Forimtech S.A. est une soci\u00e9t\u00e9 certifi\u00e9e selon la Directive 93\/42\/EEC, depuis le 2 mars 2015.<\/p>\n<p><a href=\"http:\/\/www.forimtech.ch\/wp-content\/uploads\/2020\/05\/FORIMTECH-SA-Medical-Device-No.-IT295344.pdf\"><img src=\"http:\/\/www.forimtech.ch\/v2\/wp-content\/uploads\/2016\/02\/download.png\" alt=\"\" \/><\/a> T\u00e9l\u00e9charger la documentation officielle<\/p>\n","protected":false},"excerpt":{"rendered":"<p>Forimtech S.A. est une soci\u00e9t\u00e9 certifi\u00e9e selon la Directive 93\/42\/EEC, depuis le 2 mars 2015. T\u00e9l\u00e9charger la documentation officielle<\/p>\n","protected":false},"author":1,"featured_media":0,"parent":0,"menu_order":0,"comment_status":"closed","ping_status":"closed","template":"page-template\/full-width.php","meta":{"_monsterinsights_skip_tracking":false,"_monsterinsights_sitenote_active":false,"_monsterinsights_sitenote_note":"","_monsterinsights_sitenote_category":0},"_links":{"self":[{"href":"https:\/\/www.forimtech.ch\/fr\/wp-json\/wp\/v2\/pages\/7"}],"collection":[{"href":"https:\/\/www.forimtech.ch\/fr\/wp-json\/wp\/v2\/pages"}],"about":[{"href":"https:\/\/www.forimtech.ch\/fr\/wp-json\/wp\/v2\/types\/page"}],"author":[{"embeddable":true,"href":"https:\/\/www.forimtech.ch\/fr\/wp-json\/wp\/v2\/users\/1"}],"replies":[{"embeddable":true,"href":"https:\/\/www.forimtech.ch\/fr\/wp-json\/wp\/v2\/comments?post=7"}],"version-history":[{"count":7,"href":"https:\/\/www.forimtech.ch\/fr\/wp-json\/wp\/v2\/pages\/7\/revisions"}],"predecessor-version":[{"id":213,"href":"https:\/\/www.forimtech.ch\/fr\/wp-json\/wp\/v2\/pages\/7\/revisions\/213"}],"wp:attachment":[{"href":"https:\/\/www.forimtech.ch\/fr\/wp-json\/wp\/v2\/media?parent=7"}],"curies":[{"name":"wp","href":"https:\/\/api.w.org\/{rel}","templated":true}]}}